{"id":17200,"date":"2022-05-05T10:41:44","date_gmt":"2022-05-05T16:41:44","guid":{"rendered":"https:\/\/procinco.ahm-honduras.com-new\/?page_id=17200"},"modified":"2025-01-16T10:14:25","modified_gmt":"2025-01-16T16:14:25","slug":"cursos-abiertos","status":"publish","type":"page","link":"https:\/\/procinco.ahm-honduras.com\/?page_id=17200","title":{"rendered":"Modalidades"},"content":{"rendered":"<div class=\"wpb-content-wrapper\"><p>[vc_row][vc_column]\r\n\t<div class=\"prelude-spacer clearfix\" data-desktop=\"100\" data-mobi=\"60\" data-smobi=\"60\"><\/div>[vc_column_text]<\/p>\n<h2 style=\"max-width: 900px; margin: 0 auto 8px; font-weight: 600; font-size: 42px; text-align: center;\"><span style=\"color: #f7b446;\">Modalidades que se adaptan<br \/>\n<\/span>a las necesidades de las empresas<\/h2>\n<p>[\/vc_column_text]\r\n\t<div class=\"prelude-spacer clearfix\" data-desktop=\"30\" data-mobi=\"10\" data-smobi=\"10\"><\/div><div class=\"prelude-headings clearfix text-center\" data-font=18 style=\"\"><h2 class=\"heading clearfix  accent\" style=\"font-weight:500;letter-spacing:0.25px;margin-bottom:15px;font-size:18px;\">\r\n\t\tA fin de atender la demanda de la industria manufacturera, PROCINCO cuenta con las siguientes modalidades\r\n\t<\/h2><\/div>\r\n\t<div class=\"prelude-spacer clearfix\" data-desktop=\"100\" data-mobi=\"60\" data-smobi=\"60\"><\/div>[\/vc_column][\/vc_row][vc_row el_class=\u00bbtablet-responsive-fix\u00bb css=\u00bb.vc_custom_1653930039059{background-color: #f7f9fa !important;}\u00bb el_id=\u00bbabiertos\u00bb][vc_column]\r\n\t<div class=\"prelude-spacer clearfix\" data-desktop=\"60\" data-mobi=\"40\" data-smobi=\"40\"><\/div>[vc_row_inner column_inner_spacing=\u00bb70&#8243;][vc_column_inner width=\u00bb1\/2&#8243;]<div class=\"prelude-content-box clearfix \" data-padding=\"\" data-mobipadding=\"\" data-margin=\"\" data-mobimargin=\"\" >\r\n\t\t<div class=\"inner ctb-2133255149\" style=\"\"  data-background=\"\">\r\n\t\t\t<div class=\"prelude-simple-image  \" data-reveal=\"true\" data-reveal-options='{\"direction\":\"lr\",\"bgcolor\":\"#dddddd\"}' >\r\n\t\t\t\t<figure style=\"border-radius:10px;overflow:hidden;\"><img decoding=\"async\" alt=\"image\" src=\"https:\/\/procinco.ahm-honduras.com\/wp-content\/uploads\/2022\/05\/cursos-abiertos-1-e1652974028915.jpg\" \/> <\/figure>\r\n\t\t\t<\/div>\r\n\t\t<\/div>\r\n\t<\/div>[\/vc_column_inner][vc_column_inner width=\u00bb1\/2&#8243;]\r\n\t<div class=\"prelude-spacer clearfix\" data-desktop=\"35\" data-mobi=\"15\" data-smobi=\"10\"><\/div>[vc_column_text]<\/p>\n<h3 style=\"max-width: 400px; font-weight: 300; margin-bottom: 26px;\">Cursos <span style=\"font-weight: 600;\">Abiertos<\/span><\/h3>\n<p>[\/vc_column_text][vc_column_text]<\/p>\n<div style=\"color: #5e5d6c; margin-top: 27px;\">\n<p>Mediante esta modalidad se dictan cursos casi siempre con facilitadores internacionales y nacionales externos al programa PROCINCO. Estos cursos se realizan en hoteles \u00f3 en nuestro Sal\u00f3n de Capacitaci\u00f3n El Tejedor con el prop\u00f3sito de lograr una mayor participaci\u00f3n de las empresas afiliadas a la AHM.<\/p>\n<p>La participaci\u00f3n en estos cursos tiene un costo simb\u00f3lico, generalmente para cubrir los costos de la log\u00edstica del evento.<\/p>\n<\/div>\n<p>[\/vc_column_text][\/vc_column_inner][\/vc_row_inner]\r\n\t<div class=\"prelude-spacer clearfix\" data-desktop=\"60\" data-mobi=\"40\" data-smobi=\"40\"><\/div>[vc_column_inner][\/vc_column_inner][\/vc_column][\/vc_row][vc_row el_class=\u00bbtablet-responsive-fix\u00bb el_id=\u00bbincompany\u00bb css=\u00bb.vc_custom_1652909349210{background-image: url(https:\/\/procinco.ahm-honduras.comwp-content\/uploads\/2019\/12\/bg-main-2.png?id=12333) !important;}\u00bb][vc_column]\r\n\t<div class=\"prelude-spacer clearfix\" data-desktop=\"60\" data-mobi=\"40\" data-smobi=\"40\"><\/div>[vc_row_inner][vc_column_inner][vc_column_text]<\/p>\n<h3 style=\"max-width: 400px; font-weight: 300; margin-bottom: 26px;\">Cursos <span style=\"font-weight: 600;\">In-Company<\/span><\/h3>\n<p>[\/vc_column_text][vc_column_text]<\/p>\n<div style=\"color: #5e5d6c; margin-top: 27px;\">\n<p>Mediante esta modalidad PROCINCO atiende las necesidades de capacitaci\u00f3n de una empresa en el local, fecha y hora que la misma designe y sin que la empresa incurra en costos de entrenamiento ya que PROCINCO dispone de facilitadores permanentes o puntuales contratados mediante el convenio AHM-INFOP.<\/p>\n<p>Para que el curso se realice, es requisito que la empresa se haga cargo de la log\u00edstica del curso, reproducci\u00f3n de materiales y que disponga de un m\u00ednimo de 15 participantes.<\/p>\n<\/div>\n<p>[\/vc_column_text]\r\n\t<div class=\"prelude-spacer clearfix\" data-desktop=\"35\" data-mobi=\"25\" data-smobi=\"10\"><\/div>\r\n\t<div class=\"prelude-tabs clearfix style-1\"><div class=\"tab-title clearfix\"><\/div><div class=\"tab-content-wrap\"><div class=\"tab-content \" style=\"\"><span class=\"item-title\" style=\"font-size:18px;\">\r\n\t\t\t<span class=\"inner\" style=\"\">\r\n\t\t\t\tCursos Privados\r\n\t\t\t<\/span>\r\n\t\t<\/span><div class=\"item-content\" style=\"\"><h3 style=\"font-size: 22px;\">Cursos In-Company Privados<\/h3>\n<div style=\"color: #5e5d6c; margin-top: 27px;\">\n<p>Esta es una variante de la modalidad de cursos In-Company, que se diferencia de \u00e9sta, en que las empresas solicitantes del entrenamiento pagan la totalidad del costo de Instrucci\u00f3n.<\/p>\n<p class=\"RegularText\">Mediante esta modalidad se puede disponer tanto de facilitadores permanentes o puntuales del Programa PROCINCO.<\/p>\n<\/div>\n<\/div><\/div><div class=\"tab-content \" style=\"\"><span class=\"item-title\" style=\"font-size:18px;\">\r\n\t\t\t<span class=\"inner\" style=\"\">\r\n\t\t\t\tCursos T\u00e9cnicos\r\n\t\t\t<\/span>\r\n\t\t<\/span><div class=\"item-content\" style=\"\"><h3 style=\"font-size: 22px;\">Cursos In-Company Cursos T\u00e9cnicos<\/h3>\n<div style=\"color: #5e5d6c; margin-top: 27px;\">\n<p>Esta modalidad est\u00e1 disponible para aquellas empresas que cuentan con programas de formaci\u00f3n de nuevos operadores, utilizando para ello instructores internos de la empresa.<\/p>\n<p>La duraci\u00f3n del entrenamiento es variable y se abordan diferentes \u00e1reas de conocimiento. PROCINCO mediante convenio entre la AHM e INFOP reconocer\u00e1 a la empre sa un valor de Lps. 200.00 por cada hora de entrenamiento realizada para un grupo no menor de 15 participantes.<\/p>\n<p>Para poder optar a esta modalidad, la empresa debe cumplir con los lineamientos establecidos para la misma.<\/p>\n<\/div>\n<\/div><\/div><div class=\"tab-content \" style=\"\"><span class=\"item-title\" style=\"font-size:18px;\">\r\n\t\t\t<span class=\"inner\" style=\"\">\r\n\t\t\t\tCursos de Computaci\u00f3n\r\n\t\t\t<\/span>\r\n\t\t<\/span><div class=\"item-content\" style=\"\"><h3 style=\"font-size: 22px;\">Cursos In-Company de Computaci\u00f3n<\/h3>\n<div style=\"color: #5e5d6c; margin-top: 27px;\">\n<p>Esta modalidad est\u00e1 disponible para aquellas empresas que realizan internamente entrenamiento en computaci\u00f3n y que cuentan con las instalaciones y equipo requeridos para la realizaci\u00f3n de la misma. Bajo esta modalidad, PROCINCO asigna instructores externos calificados y asignados por una Instituci\u00f3n educativa en Computaci\u00f3n previamente aprobada por INFOP.<\/p>\n<p>Para temas espec\u00edficos, el entrenamiento puede ser realizado en las instalaciones de la Instituci\u00f3n Educativa asignada. El entrenamiento debe tener una duraci\u00f3n de 24 horas como m\u00ednimo y una participaci\u00f3n del 100% de las personas registradas (como m\u00ednimo 15 participantes).<\/p>\n<p class=\"RegularText\">PROCINCO cubrir\u00e1 los costos de instrucci\u00f3n \u00fanicamente a aquellas empresas que cumplan con los requisitos antes indicados y con los lineamientos establecidos.<\/p>\n<\/div>\n<\/div><\/div>\n<\/div><\/div>[\/vc_column_inner][\/vc_row_inner]\r\n\t<div class=\"prelude-spacer clearfix\" data-desktop=\"60\" data-mobi=\"40\" data-smobi=\"40\"><\/div>[vc_column_inner][\/vc_column_inner][\/vc_column][\/vc_row][vc_row column_spacing=\u00bb70&#8243; el_class=\u00bbtablet-responsive-fix\u00bb el_id=\u00bbvirtual\u00bb css=\u00bb.vc_custom_1653930240807{background: #f7f9fa url(https:\/\/procinco.ahm-honduras.comwp-content\/uploads\/2020\/01\/footer-bg-0.png?id=12406) !important;}\u00bb][vc_column]\r\n\t<div class=\"prelude-spacer clearfix\" data-desktop=\"60\" data-mobi=\"40\" data-smobi=\"40\"><\/div>[vc_row_inner column_inner_spacing=\u00bb70&#8243;][vc_column_inner width=\u00bb1\/2&#8243; css=\u00bb.vc_custom_1716568855246{margin-top: 30px !important;}\u00bb][vc_column_text]<\/p>\n<h3 style=\"max-width: 400px; font-weight: 300; margin-bottom: 26px;\">Charlas <span style=\"font-weight: 600;\">Virtuales\u00a0<\/span><\/h3>\n<p>[\/vc_column_text][vc_column_text]<\/p>\n<div style=\"color: #5e5d6c; margin-top: 27px;\">\n<p>Se brindan charlas virtuales cortas de una hora o dos en temas relacionados con la productividad, mejora continua, calidad, salud mental y f\u00edsica de las personas, entre otros. Durante el a\u00f1o los diversos componentes ofrecen charlas virtuales abiertas al p\u00fablico en general. Sin embargo, si una empresa desea brindar una charla espec\u00edfica a su personal, la puede agendar con el Asesor de Componente y pagar la totalidad de la misma.<\/p>\n<\/div>\n<p>[\/vc_column_text][\/vc_column_inner][vc_column_inner width=\u00bb1\/2&#8243;]<div class=\"prelude-content-box clearfix \" data-padding=\"\" data-mobipadding=\"\" data-margin=\"\" data-mobimargin=\"\" >\r\n\t\t<div class=\"inner ctb-1557619868\" style=\"\"  data-background=\"\">\r\n\t\t\t<div class=\"prelude-simple-image  \" data-reveal=\"true\" data-reveal-options='{\"direction\":\"rl\",\"bgcolor\":\"#dddddd\"}' >\r\n\t\t\t\t<figure style=\"border-radius:10px;overflow:hidden;\"><img decoding=\"async\" alt=\"image\" src=\"https:\/\/procinco.ahm-honduras.com\/wp-content\/uploads\/2024\/05\/virtual-1.jpg\" \/> <\/figure>\r\n\t\t\t<\/div>\r\n\t\t<\/div>\r\n\t<\/div>[\/vc_column_inner][\/vc_row_inner]\r\n\t<div class=\"prelude-spacer clearfix\" data-desktop=\"60\" data-mobi=\"40\" data-smobi=\"40\"><\/div>[vc_column_inner][\/vc_column_inner][\/vc_column][\/vc_row][vc_row el_id=\u00bbpermanentes\u00bb css=\u00bb.vc_custom_1652912567580{background-image: url(https:\/\/procinco.ahm-honduras.comwp-content\/uploads\/2019\/12\/bg-main-1.png?id=12330) !important;}\u00bb][vc_column]\r\n\t<div class=\"prelude-spacer clearfix\" data-desktop=\"40\" data-mobi=\"20\" data-smobi=\"20\"><\/div>[vc_row_inner column_inner_spacing=\u00bb70&#8243;][vc_column_inner width=\u00bb1\/2&#8243;]\r\n\t<div class=\"prelude-parallax-box\"><div class=\"parallax-wrap\"><div class=\"prelude-parallax-item \" style=\"left:41%;margin-top:25%;border-radius:7px;\" data-parallax='{\"y\" : 40, \"smoothness\" : 30}' data-top=\"25%\"><img decoding=\"async\" class=\"parallax-image\" src=\"https:\/\/procinco.ahm-honduras.com\/wp-content\/uploads\/2022\/05\/seminar-img.jpg\" alt=\"image\"><\/div><div class=\"prelude-parallax-item has-width\" style=\"margin-top:15%;width:60%;border-radius:10px;\" data-parallax='{\"y\" : -40, \"smoothness\" : 30}' data-top=\"15%\"><img decoding=\"async\" class=\"parallax-image\" src=\"https:\/\/procinco.ahm-honduras.com\/wp-content\/uploads\/2022\/05\/seminar-2.jpg\" alt=\"image\"><\/div><\/div><\/div>[\/vc_column_inner][vc_column_inner width=\u00bb1\/2&#8243;]\r\n\t<div class=\"prelude-spacer clearfix\" data-desktop=\"25\" data-mobi=\"15\" data-smobi=\"10\"><\/div>[vc_column_text]<\/p>\n<h3 style=\"font-weight: 300; margin-bottom: 26px;\">Proyectos <span style=\"font-weight: 600;\">Permanentes<\/span><\/h3>\n<p>[\/vc_column_text][vc_column_text]<\/p>\n<div style=\"color: #5e5d6c; margin-top: 27px;\">\n<p>Estos proyectos son creados a partir de necesidades internas de las empresas y se ejecutan de forma permanente a lo largo del a\u00f1o, con la ayuda de un Facilitador de PROCINCO asignado a su planta. Nuevos proyectos podr\u00edan desarrollarse, previo estudio y preparaci\u00f3n de programas espec\u00edficos, siempre y cuando estos entrenamientos se realicen de forma continua y peri\u00f3dica con diferentes grupos de participantes.<\/p>\n<p><strong>Modalidades de Entrenamiento Disponibles:<\/strong><\/p>\n<ul>\n<li>Entrenamiento Cruzado para Operadores de Costura<\/li>\n<li>Entrenamiento Estudio de Tiempo y Capacidad en Equipos Productivos<\/li>\n<li>Formaci\u00f3n de Operario de M\u00e1quinas de Coser Industrial<\/li>\n<li>Trabajo Estandarizado en Ambientes Productivos<\/li>\n<\/ul>\n<p><a href=\"https:\/\/procinco.ahm-honduras.com-new\/?page_id=17487\">Ver m\u00e1s en el Componente de Productividad y Mejora Continua II<\/a><\/p>\n<\/div>\n<p>[\/vc_column_text][\/vc_column_inner][\/vc_row_inner]\r\n\t<div class=\"prelude-spacer clearfix\" data-desktop=\"60\" data-mobi=\"40\" data-smobi=\"40\"><\/div>[\/vc_column][\/vc_row][vc_row el_id=\u00bbcertificaciones\u00bb css=\u00bb.vc_custom_1652978325917{background-color: #f7f9fa !important;}\u00bb][vc_column]\r\n\t<div class=\"prelude-spacer clearfix\" data-desktop=\"60\" data-mobi=\"40\" data-smobi=\"40\"><\/div>[vc_row_inner column_inner_spacing=\u00bb70&#8243;][vc_column_inner width=\u00bb1\/2&#8243;][vc_column_text css=\u00bb.vc_custom_1716569183395{margin-top: 60px !important;}\u00bb]<\/p>\n<h3 style=\"font-weight: 300; margin-bottom: 26px;\"><span style=\"font-weight: 600;\"><b>Certificados <\/b><\/span>de finalizaci\u00f3n<\/h3>\n<p>[\/vc_column_text][vc_column_text]<\/p>\n<div style=\"color: #5e5d6c; margin-top: 27px;\">\n<p>Proceso de entrenamiento no formal organizado en m\u00f3dulos orientados a mejorar habilidades, capacidades y destrezas de los participantes. Cada m\u00f3dulo estar\u00e1 compuesto en la mayor\u00eda de los casos por varios cursos relacionados a una tem\u00e1tica espec\u00edfica, mismos que han sido previamente aprobados por INFOP.<\/p>\n<p>El Certificado es un programa presencial que tendr\u00e1 una duraci\u00f3n que oscilar\u00e1 entre 80 y 130 horas y para el cual, una vez finalizado los m\u00f3dulos, se entregar\u00e1 a cada participante un Certificado de Finalizaci\u00f3n (Diploma). Dicho certificado se entregar\u00e1 \u00fanicamente a aquellos participantes que hayan completado satisfactoriamente el 90% de la duraci\u00f3n total del Certificado.<\/p>\n<\/div>\n<p>[\/vc_column_text][\/vc_column_inner][vc_column_inner width=\u00bb1\/2&#8243;]\r\n\t<div class=\"prelude-spacer clearfix\" data-desktop=\"30\" data-mobi=\"10\" data-smobi=\"10\"><\/div><div class=\"prelude-simple-image  \" data-reveal=\"true\" data-reveal-options='{\"direction\":\"rl\",\"bgcolor\":\"#dddddd\"}' >\r\n\t\t\t\t<figure style=\"border-radius:20px;overflow:hidden; box-shadow: 5 5 10 10 #686868\"><img decoding=\"async\" alt=\"image\" src=\"https:\/\/procinco.ahm-honduras.com\/wp-content\/uploads\/2022\/05\/modalidades-4.jpg\" \/> <\/figure>\r\n\t\t\t<\/div>[\/vc_column_inner][\/vc_row_inner]\r\n\t<div class=\"prelude-spacer clearfix\" data-desktop=\"100\" data-mobi=\"60\" data-smobi=\"60\"><\/div>[\/vc_column][\/vc_row][vc_row column_spacing=\u00bb70&#8243; el_class=\u00bbtablet-responsive-fix\u00bb el_id=\u00bbelearning\u00bb css=\u00bb.vc_custom_1698787372247{background-image: url(https:\/\/procinco.ahm-honduras.comwp-content\/uploads\/2019\/12\/bg-main-1.png?id=12330) !important;}\u00bb][vc_column]\r\n\t<div class=\"prelude-spacer clearfix\" data-desktop=\"60\" data-mobi=\"40\" data-smobi=\"40\"><\/div>[vc_row_inner column_inner_spacing=\u00bb70&#8243;][vc_column_inner width=\u00bb1\/2&#8243;]<div class=\"prelude-content-box clearfix \" data-padding=\"\" data-mobipadding=\"\" data-margin=\"\" data-mobimargin=\"\" >\r\n\t\t<div class=\"inner ctb-1365065199\" style=\"\"  data-background=\"\">\r\n\t\t\t<div class=\"prelude-simple-image  \" data-reveal=\"true\" data-reveal-options='{\"direction\":\"lr\",\"bgcolor\":\"#dddddd\"}' >\r\n\t\t\t\t<figure style=\"border-radius:10px;overflow:hidden;\"><img decoding=\"async\" alt=\"image\" src=\"https:\/\/procinco.ahm-honduras.com\/wp-content\/uploads\/2022\/05\/modalidades-3.jpg\" \/> <\/figure>\r\n\t\t\t<\/div>\r\n\t\t<\/div>\r\n\t<\/div>[\/vc_column_inner][vc_column_inner width=\u00bb1\/2&#8243; css=\u00bb.vc_custom_1698790589854{padding-top: 70px !important;}\u00bb][vc_column_text]<\/p>\n<h3 style=\"max-width: 400px; font-weight: 300; margin-bottom: 26px;\"><strong>E-Learning<\/strong><\/h3>\n<p>[\/vc_column_text][vc_column_text]<\/p>\n<div style=\"color: #5e5d6c; margin-top: 27px;\">Esta modalidad se potencia a trav\u00e9s de PROCINCO Online, una plataforma diversa que ofrece una variedad de charlas y cursos especializados para el aprendizaje en l\u00ednea. Este espacio virtual proporciona acceso a recursos interactivos y m\u00f3dulos de aprendizaje conducidos por expertos en sus respectivos campos.<\/div>\n<h6 style=\"color: #5e5d6c; margin-top: 27px;\"><a href=\"https:\/\/procinco-online.com\/panel\/\">Ingresa a Procinco Online aqu\u00ed.<\/a><\/h6>\n<p>[\/vc_column_text][\/vc_column_inner][\/vc_row_inner]\r\n\t<div class=\"prelude-spacer clearfix\" data-desktop=\"60\" data-mobi=\"40\" data-smobi=\"40\"><\/div>[vc_column_inner][\/vc_column_inner][\/vc_column][\/vc_row]<\/p>\n<\/div>","protected":false},"excerpt":{"rendered":"<p>[vc_row][vc_column][vc_column_text] Modalidades que se adaptan a las necesidades de las empresas [\/vc_column_text][\/vc_column][\/vc_row][vc_row el_class=\u00bbtablet-responsive-fix\u00bb css=\u00bb.vc_custom_1653930039059{background-color: #f7f9fa !important;}\u00bb el_id=\u00bbabiertos\u00bb][vc_column][vc_row_inner column_inner_spacing=\u00bb70&#8243;][vc_column_inner width=\u00bb1\/2&#8243;][\/vc_column_inner][vc_column_inner width=\u00bb1\/2&#8243;][vc_column_text] Cursos Abiertos [\/vc_column_text][vc_column_text] Mediante esta modalidad se dictan cursos casi siempre con facilitadores internacionales y nacionales externos al programa PROCINCO. Estos cursos se realizan en hoteles \u00f3 en nuestro Sal\u00f3n<\/p>\n","protected":false},"author":1,"featured_media":0,"parent":0,"menu_order":0,"comment_status":"closed","ping_status":"closed","template":"","meta":{"footnotes":""},"class_list":["post-17200","page","type-page","status-publish","hentry"],"_links":{"self":[{"href":"https:\/\/procinco.ahm-honduras.com\/index.php?rest_route=\/wp\/v2\/pages\/17200","targetHints":{"allow":["GET"]}}],"collection":[{"href":"https:\/\/procinco.ahm-honduras.com\/index.php?rest_route=\/wp\/v2\/pages"}],"about":[{"href":"https:\/\/procinco.ahm-honduras.com\/index.php?rest_route=\/wp\/v2\/types\/page"}],"author":[{"embeddable":true,"href":"https:\/\/procinco.ahm-honduras.com\/index.php?rest_route=\/wp\/v2\/users\/1"}],"replies":[{"embeddable":true,"href":"https:\/\/procinco.ahm-honduras.com\/index.php?rest_route=%2Fwp%2Fv2%2Fcomments&post=17200"}],"version-history":[{"count":237,"href":"https:\/\/procinco.ahm-honduras.com\/index.php?rest_route=\/wp\/v2\/pages\/17200\/revisions"}],"predecessor-version":[{"id":19318,"href":"https:\/\/procinco.ahm-honduras.com\/index.php?rest_route=\/wp\/v2\/pages\/17200\/revisions\/19318"}],"wp:attachment":[{"href":"https:\/\/procinco.ahm-honduras.com\/index.php?rest_route=%2Fwp%2Fv2%2Fmedia&parent=17200"}],"curies":[{"name":"wp","href":"https:\/\/api.w.org\/{rel}","templated":true}]}}