{"id":17568,"date":"2022-05-31T10:29:22","date_gmt":"2022-05-31T16:29:22","guid":{"rendered":"https:\/\/procinco.ahm-honduras.com-new\/?page_id=17568"},"modified":"2026-02-18T14:38:08","modified_gmt":"2026-02-18T20:38:08","slug":"17568-2","status":"publish","type":"page","link":"https:\/\/procinco.ahm-honduras.com\/?page_id=17568","title":{"rendered":"Estad\u00edsticas"},"content":{"rendered":"<div class=\"wpb-content-wrapper\"><p>[vc_row css=\u00bb.vc_custom_1654022255607{background-image: url(\/wp-content\/uploads\/2020\/01\/full-page-bg-1.png?id=12427) !important;}\u00bb][vc_column]\r\n\t<div class=\"prelude-spacer clearfix\" data-desktop=\"100\" data-mobi=\"60\" data-smobi=\"60\"><\/div>[vc_row_inner][vc_column_inner width=\u00bb1\/2&#8243;]\r\n\t<div class=\"prelude-spacer clearfix\" data-desktop=\"20\" data-mobi=\"10\" data-smobi=\"10\"><\/div><div class=\"prelude-headings clearfix \" data-font=14 style=\"\"><h3 class=\"heading clearfix \" style=\"font-weight:500;color:#dd9933;letter-spacing:0.25px;margin-bottom:15px;font-size:14px;\">\r\n\t\tCONVENIO PROCINCO - INFOP\r\n\t<\/h3><\/div>[vc_column_text]<\/p>\n<h2 style=\"font-weight: 600; margin-bottom: 26px;\">Transparencia<br \/>\n<span style=\"font-weight: 300;\">y rendici\u00f3n de cuentas<\/span><\/h2>\n<p>[\/vc_column_text]<div class=\"prelude-icon-box clearfix icon-left align-left  link-hover-accent simple\" style=\"\" ><div class=\"wrap-inner\" style=\"position: relative;\"><div class=\"prelude-icon icon-1022743273 icon-font custom custom\"  data-icon=\"#dd9933\" data-background=\"\">\r\n\t\t\t<span class=\"icon\" style=\"font-size:26px;border-style:solid;margin-top:1px;\"><i class=\"fas fa-check-double\"><\/i><\/span>\r\n\t\t<\/div> <div class=\"content-wrap\"><h3 class=\"heading \" style=\"padding-left:50px;font-size:22px;padding-top:5px;margin-bottom:17px;\">\r\n\t\t\t<span>Supervisi\u00f3n y Manejos de Fondos<\/span>\r\n\t\t<\/h3><div class=\"desc\" style=\"padding-left:50px;\"><div style=\"max-width: 450px;\">Adem\u00e1s de la auditor\u00eda general de la AHM, se contrata cada a\u00f1o una firma auditora para verificar y validar el cumplimiento del Convenio suscrito entre la AHM e INFOP.<\/div>\n<\/div><\/div><\/div><\/div>[\/vc_column_inner][vc_column_inner width=\u00bb1\/2&#8243;]<div class=\"prelude-content-box clearfix \" data-padding=\"\" data-mobipadding=\"\" data-margin=\"0px 0px 0px 40px\" data-mobimargin=\"\" >\r\n\t\t<div class=\"inner ctb-305798991\" style=\"\"  data-background=\"\">\r\n\t\t\t<div class=\"prelude-simple-image   stretch ctb-26925038\" data-reveal=\"true\" data-reveal-options='{\"direction\":\"rl\",\"bgcolor\":\"#dddddd\"}'  data-stretch-left=-35px>\r\n\t\t\t\t<figure style=\"border-radius:20px;overflow:hidden; box-shadow: 0px 20px 90px 0px rgba(110,123,131,0.2)\"><img decoding=\"async\" alt=\"image\" src=\"https:\/\/procinco.ahm-honduras.com\/wp-content\/uploads\/2022\/06\/cooperation-analyst-chart-professional-paper-economics.jpg\" \/> <\/figure>\r\n\t\t\t<\/div>\r\n\t\t<\/div>\r\n\t<\/div>[\/vc_column_inner][\/vc_row_inner]\r\n\t<div class=\"prelude-spacer clearfix\" data-desktop=\"100\" data-mobi=\"60\" data-smobi=\"60\"><\/div>[vc_column_text]<\/p>\n<h3 style=\"max-width: 900px; margin: 0 auto 8px; font-weight: 600; font-size: 42px; text-align: center;\"><span style=\"color: #f7b446;\">Estad\u00edsticas<br \/>\n<\/span><span style=\"font-weight: 300;\">PROCINCO | 2001 &#8211; 2023<br \/>\n<\/span><span style=\"color: #f7b446;\">Convenio AHM &#8211; INFOP<\/span><\/h3>\n<p>[\/vc_column_text]\r\n\t<div class=\"prelude-spacer clearfix\" data-desktop=\"20\" data-mobi=\"10\" data-smobi=\"10\"><\/div><div class=\"prelude-simple-image simple \" style=\"text-align:center; margin:0 auto;\">\r\n\t\t\t\t<img decoding=\"async\" alt=\"image\" src=\"https:\/\/procinco.ahm-honduras.com\/wp-content\/uploads\/2019\/12\/yellow-dotts.png\" \/> \r\n\t\t\t<\/div>\r\n\t<div class=\"prelude-spacer clearfix\" data-desktop=\"50\" data-mobi=\"30\" data-smobi=\"30\"><\/div>[vc_row_inner][vc_column_inner width=\u00bb1\/3&#8243;]<div class=\"prelude-content-box clearfix \" data-padding=\"25px 37px 35px\" data-mobipadding=\"25px 37px 35px\" data-margin=\"\" data-mobimargin=\"\" >\r\n\t\t<div class=\"inner ctb-1064431445\" style=\"\"  data-background=\"\" data-rounded=\"5px\" data-border-color=\"#e7e7e7\" data-border-width=\"1px\" data-shadow-hover=\" 0px 20px 90px 0px rgba(110,123,131,0.2)\" data-translatey=\"-10\">\r\n\t\t\t<div class=\"prelude-counter clearfix style-1 text-center\"  data-font=52><div class=\"inner\"><div class=\"icon-wrap\"><\/div><div class=\"text-wrap\"><h3 class=\"number-wrap heading\" style=\"font-weight:400;margin-bottom:10px;font-size:52px;\"><span class=\"prefix \" style=\"\">+<\/span><span class=\"number \" data-decimals=\"0\" data-speed=\"2000\" data-from=\"0\" data-to=\"888\"> 888<\/span><span class=\"suffix \" style=\"color:#7540ee;\">mil<\/span><\/h3><h4 class=\"title\" style=\"font-weight:500;font-size:22px;margin-bottom:15px;\">\r\n\t\tPersonas Capacitadas\r\n\t<\/h4><div class=\"sub-title\" style=\"color:#5e5d6c;\">\r\n\t\tPersonal capacitado de empresas afiliadas a la Asociaci\u00f3n Hondure\u00f1a de Maquiladores\r\n\t<\/div><\/div><\/div><\/div>\r\n\t\t<\/div>\r\n\t<\/div>\r\n\t<div class=\"prelude-spacer clearfix\" data-desktop=\"0\" data-mobi=\"30\" data-smobi=\"30\"><\/div>[\/vc_column_inner][vc_column_inner width=\u00bb1\/3&#8243;]<div class=\"prelude-content-box clearfix \" data-padding=\"25px 37px 35px\" data-mobipadding=\"25px 37px 35px\" data-margin=\"\" data-mobimargin=\"\" >\r\n\t\t<div class=\"inner ctb-1531243463\" style=\"\"  data-background=\"\" data-rounded=\"5px\" data-border-color=\"#e7e7e7\" data-border-width=\"1px\" data-shadow-hover=\" 0px 20px 90px 0px rgba(110,123,131,0.2)\" data-translatey=\"-10\">\r\n\t\t\t<div class=\"prelude-counter clearfix style-1 text-center\"  data-font=52><div class=\"inner\"><div class=\"icon-wrap\"><\/div><div class=\"text-wrap\"><h3 class=\"number-wrap heading\" style=\"font-weight:400;margin-bottom:10px;font-size:52px;\"><span class=\"prefix \" style=\"\"><\/span><span class=\"number \" data-decimals=\"0\" data-speed=\"3000\" data-from=\"0\" data-to=\"47\"> 47<\/span><span class=\"suffix \" style=\"color:#7540ee;\">mil<\/span><\/h3><h4 class=\"title\" style=\"font-weight:500;font-size:22px;margin-bottom:15px;\">\r\n\t\tCursos Impartidos\r\n\t<\/h4><div class=\"sub-title\" style=\"color:#5e5d6c;\">\r\n\t\tCursos impartidos a travez de los diferentes componentes del Programa PROCINCO\r\n\t<\/div><\/div><\/div><\/div>\r\n\t\t<\/div>\r\n\t<\/div>\r\n\t<div class=\"prelude-spacer clearfix\" data-desktop=\"0\" data-mobi=\"30\" data-smobi=\"30\"><\/div>[\/vc_column_inner][vc_column_inner width=\u00bb1\/3&#8243;]<div class=\"prelude-content-box clearfix \" data-padding=\"25px 37px 35px\" data-mobipadding=\"25px 37px 35px\" data-margin=\"\" data-mobimargin=\"\" >\r\n\t\t<div class=\"inner ctb-336772927\" style=\"\"  data-background=\"\" data-rounded=\"5px\" data-border-color=\"#e7e7e7\" data-border-width=\"1px\" data-shadow-hover=\" 0px 20px 90px 0px rgba(110,123,131,0.2)\" data-translatey=\"-10\">\r\n\t\t\t<div class=\"prelude-counter clearfix style-1 text-center\"  data-font=52><div class=\"inner\"><div class=\"icon-wrap\"><\/div><div class=\"text-wrap\"><h3 class=\"number-wrap heading\" style=\"font-weight:400;margin-bottom:10px;font-size:52px;\"><span class=\"prefix \" style=\"\">+<\/span><span class=\"number \" data-decimals=\"0\" data-speed=\"4000\" data-from=\"0\" data-to=\"439\"> 439<\/span><span class=\"suffix \" style=\"color:#7540ee;\">mil<\/span><\/h3><h4 class=\"title\" style=\"font-weight:500;font-size:22px;margin-bottom:15px;\">\r\n\t\tHoras de Instrucci\u00f3n\r\n\t<\/h4><div class=\"sub-title\" style=\"color:#5e5d6c;\">\r\n\t\tHoras de capacitaci\u00f3n brindada a travez de la oferta formativa de PROCINCO\r\n\t<\/div><\/div><\/div><\/div>\r\n\t<div class=\"prelude-spacer clearfix\" data-desktop=\"0\" data-mobi=\"30\" data-smobi=\"30\"><\/div>\r\n\t\t<\/div>\r\n\t<\/div>[\/vc_column_inner][\/vc_row_inner]\r\n\t<div class=\"prelude-spacer clearfix\" data-desktop=\"100\" data-mobi=\"100\" data-smobi=\"100\"><\/div>[vc_row_inner][vc_column_inner]\r\n\t<div class=\"prelude-spacer clearfix\" data-desktop=\"30\" data-mobi=\"10\" data-smobi=\"10\"><\/div>[vc_column_text]<\/p>\n<h2 style=\"max-width: 900px; margin: 0 auto 8px; font-weight: 600; font-size: 42px; text-align: center;\"><span style=\"color: #f7b446;\">Resultados <\/span><span style=\"font-weight: 300;\">Anuales<\/span><\/h2>\n<p>[\/vc_column_text]\r\n\t<div class=\"prelude-spacer clearfix\" data-desktop=\"20\" data-mobi=\"10\" data-smobi=\"10\"><\/div><div class=\"prelude-simple-image simple \" style=\"text-align:center; margin:0 auto;\">\r\n\t\t\t\t<img decoding=\"async\" alt=\"image\" src=\"https:\/\/procinco.ahm-honduras.com\/wp-content\/uploads\/2019\/12\/yellow-dotts.png\" \/> \r\n\t\t\t<\/div>\r\n\t<div class=\"prelude-spacer clearfix\" data-desktop=\"50\" data-mobi=\"30\" data-smobi=\"30\"><\/div>\r\n\t<div class=\"prelude-tabs clearfix style-1\"><div class=\"tab-title clearfix\"><\/div><div class=\"tab-content-wrap\"><div class=\"tab-content \" style=\"\"><span class=\"item-title\" style=\"font-size:14px;\">\r\n\t\t\t<span class=\"inner\" style=\"\">\r\n\t\t\t\t2020 - 2023\r\n\t\t\t<\/span>\r\n\t\t<\/span><div class=\"item-content\" style=\"padding:60px 90px 60px 90px;\"><table width=\"70%\" border=\"1\" cellspacing=\"0\" cellpadding=\"0\">\n<tbody>\n<tr>\n<th width=\"10%\" bgcolor=\"#F79522\" style=\"color: #ffffff; text-align: center;\" scope=\"col\"><strong>A\u00f1o<\/strong><\/th>\n<th width=\"15%\" bgcolor=\"#F79522\" style=\"color: #ffffff; text-align: center;\" scope=\"col\"><strong>Empresas<br \/>\nAtendidas<\/strong><\/th>\n<th width=\"20%\" bgcolor=\"#F79522\" style=\"color: #ffffff; text-align: center;\" scope=\"col\"><strong>Total de<br \/>\nParticipantes<\/strong><\/th>\n<th width=\"22%\" bgcolor=\"#F79522\" style=\"color: #ffffff; text-align: center;\" scope=\"col\"><strong>Total Horas<br \/>\nImpartidas<\/strong><\/th>\n<th width=\"13%\" bgcolor=\"#F79522\" style=\"color: #ffffff; text-align: center;\" scope=\"col\"><strong>Total<br \/>\nCursos<\/strong><\/th>\n<\/tr>\n<tr>\n<td align=\"center\" bgcolor=\"#FFFFFF\" style=\"text-align: center;\"><strong>2020<\/strong><\/td>\n<td align=\"center\" bgcolor=\"#FFFFFF\">87<\/td>\n<td align=\"center\" bgcolor=\"#FFFFFF\">11,791<\/td>\n<td align=\"center\" bgcolor=\"#FFFFFF\">7,524<\/td>\n<td align=\"center\" bgcolor=\"#FFFFFF\">781<\/td>\n<\/tr>\n<tr>\n<td align=\"center\" bgcolor=\"#FFFFFF\" style=\"text-align: center;\"><strong>2021<\/strong><\/td>\n<td align=\"center\" bgcolor=\"#FFFFFF\">118<\/td>\n<td align=\"center\" bgcolor=\"#FFFFFF\">38,948<\/td>\n<td align=\"center\" bgcolor=\"#FFFFFF\">27,617<\/td>\n<td align=\"center\" bgcolor=\"#FFFFFF\">3,277<\/td>\n<\/tr>\n<tr>\n<td align=\"center\" bgcolor=\"#FFFFFF\" style=\"text-align: center;\"><strong>2022<\/strong><\/td>\n<td align=\"center\" bgcolor=\"#FFFFFF\">127<\/td>\n<td align=\"center\" bgcolor=\"#FFFFFF\">38,600<\/td>\n<td align=\"center\" bgcolor=\"#FFFFFF\">18,044<\/td>\n<td align=\"center\" bgcolor=\"#FFFFFF\">2,389<\/td>\n<\/tr>\n<tr>\n<td align=\"center\" bgcolor=\"#FFFFFF\" style=\"text-align: center;\"><strong>2023<\/strong><\/td>\n<td align=\"center\" bgcolor=\"#FFFFFF\">120<\/td>\n<td align=\"center\" bgcolor=\"#FFFFFF\">33,131<\/td>\n<td align=\"center\" bgcolor=\"#FFFFFF\">15,651<\/td>\n<td align=\"center\" bgcolor=\"#FFFFFF\">2,013<\/td>\n<\/tr>\n<tr>\n<td align=\"center\" bgcolor=\"#FFFFFF\" style=\"text-align: center;\"><\/td>\n<td align=\"center\" bgcolor=\"#FFFFFF\"><\/td>\n<td align=\"center\" bgcolor=\"#FFFFFF\"><\/td>\n<td align=\"center\" bgcolor=\"#FFFFFF\"><\/td>\n<td align=\"center\" bgcolor=\"#FFFFFF\"><\/td>\n<\/tr>\n<\/tbody>\n<\/table>\n<\/div><\/div><div class=\"tab-content \" style=\"\"><span class=\"item-title\" style=\"font-size:14px;\">\r\n\t\t\t<span class=\"inner\" style=\"\">\r\n\t\t\t\t2010 - 2019\r\n\t\t\t<\/span>\r\n\t\t<\/span><div class=\"item-content\" style=\"padding:60px 90px 60px 90px;\"><table width=\"70%\" border=\"1\" cellspacing=\"0\" cellpadding=\"0\">\n<tbody>\n<tr>\n<th width=\"10%\" bgcolor=\"#F79522\" style=\"color: #ffffff; text-align: center;\" scope=\"col\"><strong>A\u00f1o<\/strong><\/th>\n<th width=\"15%\" bgcolor=\"#F79522\" style=\"color: #ffffff; text-align: center;\" scope=\"col\"><strong>Empresas<br \/>\nAtendidas<\/strong><\/th>\n<th width=\"20%\" bgcolor=\"#F79522\" style=\"color: #ffffff; text-align: center;\" scope=\"col\"><strong>Total de<br \/>\nParticipantes<\/strong><\/th>\n<th width=\"22%\" bgcolor=\"#F79522\" style=\"color: #ffffff; text-align: center;\" scope=\"col\"><strong>Total Horas<br \/>\nImpartidas<\/strong><\/th>\n<th width=\"13%\" bgcolor=\"#F79522\" style=\"color: #ffffff; text-align: center;\" scope=\"col\"><strong>Total<br \/>\nCursos<\/strong><\/th>\n<\/tr>\n<tr>\n<td align=\"center\" bgcolor=\"#FFFFFF\" style=\"text-align: center;\"><strong>2010<\/strong><\/td>\n<td align=\"center\" bgcolor=\"#FFFFFF\">126<\/td>\n<td align=\"center\" bgcolor=\"#FFFFFF\">46,384<\/td>\n<td align=\"center\" bgcolor=\"#FFFFFF\">23,383<\/td>\n<td align=\"center\" bgcolor=\"#FFFFFF\">2,693<\/td>\n<\/tr>\n<tr>\n<td align=\"center\" bgcolor=\"#FFFFFF\" style=\"text-align: center;\"><strong>2011<\/strong><\/td>\n<td align=\"center\" bgcolor=\"#FFFFFF\">89<\/td>\n<td align=\"center\" bgcolor=\"#FFFFFF\">51,904<\/td>\n<td align=\"center\" bgcolor=\"#FFFFFF\">25,523<\/td>\n<td align=\"center\" bgcolor=\"#FFFFFF\">3,065<\/td>\n<\/tr>\n<tr>\n<td align=\"center\" bgcolor=\"#FFFFFF\" style=\"text-align: center;\"><strong>2012<\/strong><\/td>\n<td align=\"center\" bgcolor=\"#FFFFFF\">95<\/td>\n<td align=\"center\" bgcolor=\"#FFFFFF\">60,125<\/td>\n<td align=\"center\" bgcolor=\"#FFFFFF\">31,747<\/td>\n<td align=\"center\" bgcolor=\"#FFFFFF\">3,398<\/td>\n<\/tr>\n<tr>\n<td align=\"center\" bgcolor=\"#FFFFFF\" style=\"text-align: center;\"><strong>2013<\/strong><\/td>\n<td align=\"center\" bgcolor=\"#FFFFFF\">101<\/td>\n<td align=\"center\" bgcolor=\"#FFFFFF\">64,723<\/td>\n<td align=\"center\" bgcolor=\"#FFFFFF\">28,275<\/td>\n<td align=\"center\" bgcolor=\"#FFFFFF\">3,568<\/td>\n<\/tr>\n<tr>\n<td align=\"center\" bgcolor=\"#FFFFFF\" style=\"text-align: center;\"><strong>2014<\/strong><\/td>\n<td align=\"center\" bgcolor=\"#FFFFFF\">92<\/td>\n<td align=\"center\" bgcolor=\"#FFFFFF\">39,444<\/td>\n<td align=\"center\" bgcolor=\"#FFFFFF\">19,525<\/td>\n<td align=\"center\" bgcolor=\"#FFFFFF\">2,235<\/td>\n<\/tr>\n<tr>\n<td align=\"center\" bgcolor=\"#FFFFFF\" style=\"text-align: center;\"><strong>2015<\/strong><\/td>\n<td align=\"center\" bgcolor=\"#FFFFFF\">108<\/td>\n<td align=\"center\" bgcolor=\"#FFFFFF\">43,253<\/td>\n<td align=\"center\" bgcolor=\"#FFFFFF\">19,480<\/td>\n<td align=\"center\" bgcolor=\"#FFFFFF\">2,405<\/td>\n<\/tr>\n<tr>\n<td align=\"center\" bgcolor=\"#FFFFFF\" style=\"text-align: center;\"><strong>2016<\/strong><\/td>\n<td align=\"center\" bgcolor=\"#FFFFFF\">130<\/td>\n<td align=\"center\" bgcolor=\"#FFFFFF\">48,790<\/td>\n<td align=\"center\" bgcolor=\"#FFFFFF\">22,532<\/td>\n<td align=\"center\" bgcolor=\"#FFFFFF\">2,838<\/td>\n<\/tr>\n<tr>\n<td align=\"center\" bgcolor=\"#FFFFFF\" style=\"text-align: center;\"><strong>2017<\/strong><\/td>\n<td align=\"center\" bgcolor=\"#FFFFFF\">137<\/td>\n<td align=\"center\" bgcolor=\"#FFFFFF\">53,207<\/td>\n<td align=\"center\" bgcolor=\"#FFFFFF\">25,333<\/td>\n<td align=\"center\" bgcolor=\"#FFFFFF\">3,156<\/td>\n<\/tr>\n<tr>\n<td align=\"center\" bgcolor=\"#FFFFFF\" style=\"text-align: center;\"><strong>2018<\/strong><\/td>\n<td align=\"center\" bgcolor=\"#FFFFFF\">129<\/td>\n<td align=\"center\" bgcolor=\"#FFFFFF\">48,656<\/td>\n<td align=\"center\" bgcolor=\"#FFFFFF\">24,010<\/td>\n<td align=\"center\" bgcolor=\"#FFFFFF\">2,953<\/td>\n<\/tr>\n<tr>\n<td align=\"center\" bgcolor=\"#FFFFFF\" style=\"text-align: center;\"><strong>2019<\/strong><\/td>\n<td align=\"center\" bgcolor=\"#FFFFFF\">136<\/td>\n<td align=\"center\" bgcolor=\"#FFFFFF\">62,325<\/td>\n<td align=\"center\" bgcolor=\"#FFFFFF\">32,755<\/td>\n<td align=\"center\" bgcolor=\"#FFFFFF\">3,803<\/td>\n<\/tr>\n<\/tbody>\n<\/table>\n<\/div><\/div><div class=\"tab-content \" style=\"\"><span class=\"item-title\" style=\"font-size:18px;\">\r\n\t\t\t<span class=\"inner\" style=\"\">\r\n\t\t\t\t2001 - 2009\r\n\t\t\t<\/span>\r\n\t\t<\/span><div class=\"item-content\" style=\"padding:60px 100px 60px 100px;\"><table width=\"90%\" border=\"1\" cellspacing=\"0\" cellpadding=\"0\">\n<tbody>\n<tr>\n<th bgcolor=\"#F79522\" style=\"color: #ffffff; text-align: center;\" scope=\"col\"><strong>Descripci\u00f3n<\/strong><\/th>\n<th bgcolor=\"#F79522\" style=\"color: #ffffff; text-align: center;\" scope=\"col\"><strong>2001 &#8211; 2005<\/strong><\/th>\n<th bgcolor=\"#F79522\" style=\"color: #ffffff; text-align: center;\" scope=\"col\"><strong>2006<\/strong><\/th>\n<th bgcolor=\"#F79522\" style=\"color: #ffffff; text-align: center;\" scope=\"col\"><strong>2007<\/strong><\/th>\n<th bgcolor=\"#F79522\" style=\"color: #ffffff; text-align: center;\" scope=\"col\"><strong>2008<\/strong><\/th>\n<th bgcolor=\"#F79522\" style=\"color: #ffffff; text-align: center;\" scope=\"col\"><strong>2009<\/strong><\/th>\n<\/tr>\n<tr>\n<td bgcolor=\"#FFFFFF\"><strong>Empresas Atendidas<\/strong><\/td>\n<td align=\"center\" bgcolor=\"#FFFFFF\">95<\/td>\n<td align=\"center\" bgcolor=\"#FFFFFF\">75<\/td>\n<td align=\"center\" bgcolor=\"#FFFFFF\">76<\/td>\n<td align=\"center\" bgcolor=\"#FFFFFF\">114<\/td>\n<td align=\"center\" bgcolor=\"#FFFFFF\">100<\/td>\n<\/tr>\n<tr>\n<td bgcolor=\"#FFFFFF\"><strong>Total de Participantes<\/strong><\/td>\n<td align=\"center\" bgcolor=\"#FFFFFF\">82,004<\/td>\n<td align=\"center\" bgcolor=\"#FFFFFF\">29,373<\/td>\n<td align=\"center\" bgcolor=\"#FFFFFF\">36,181<\/td>\n<td align=\"center\" bgcolor=\"#FFFFFF\">46,718<\/td>\n<td align=\"center\" bgcolor=\"#FFFFFF\">48,691<\/td>\n<\/tr>\n<tr>\n<td bgcolor=\"#FFFFFF\"><strong>Total Horas Impartidas<\/strong><\/td>\n<td align=\"center\" bgcolor=\"#FFFFFF\">431,682<\/td>\n<td align=\"center\" bgcolor=\"#FFFFFF\">23,500<\/td>\n<td align=\"center\" bgcolor=\"#FFFFFF\">8,841<\/td>\n<td align=\"center\" bgcolor=\"#FFFFFF\">26,078<\/td>\n<td align=\"center\" bgcolor=\"#FFFFFF\">23,013.5<\/td>\n<\/tr>\n<tr>\n<td bgcolor=\"#FFFFFF\"><strong>Total Eventos<\/strong><\/td>\n<td align=\"center\" bgcolor=\"#FFFFFF\">754<\/td>\n<td align=\"center\" bgcolor=\"#FFFFFF\">798<\/td>\n<td align=\"center\" bgcolor=\"#FFFFFF\">1,884<\/td>\n<td align=\"center\" bgcolor=\"#FFFFFF\">2,383<\/td>\n<td align=\"center\" bgcolor=\"#FFFFFF\">2,776<\/td>\n<\/tr>\n<\/tbody>\n<\/table>\n<\/div><\/div>\n<\/div><\/div>[\/vc_column_inner][\/vc_row_inner]\r\n\t<div class=\"prelude-spacer clearfix\" data-desktop=\"60\" data-mobi=\"60\" data-smobi=\"60\"><\/div>[\/vc_column][\/vc_row]<\/p>\n<\/div>","protected":false},"excerpt":{"rendered":"<p>[vc_row css=\u00bb.vc_custom_1654022255607{background-image: url(\/wp-content\/uploads\/2020\/01\/full-page-bg-1.png?id=12427) !important;}\u00bb][vc_column][vc_row_inner][vc_column_inner width=\u00bb1\/2&#8243;][vc_column_text] Transparencia y rendici\u00f3n de cuentas [\/vc_column_text][\/vc_column_inner][vc_column_inner width=\u00bb1\/2&#8243;][\/vc_column_inner][\/vc_row_inner][vc_column_text] Estad\u00edsticas PROCINCO | 2001 &#8211; 2023 Convenio AHM &#8211; INFOP [\/vc_column_text][vc_row_inner][vc_column_inner width=\u00bb1\/3&#8243;][\/vc_column_inner][vc_column_inner width=\u00bb1\/3&#8243;][\/vc_column_inner][vc_column_inner width=\u00bb1\/3&#8243;][\/vc_column_inner][\/vc_row_inner][vc_row_inner][vc_column_inner][vc_column_text] Resultados Anuales [\/vc_column_text][\/vc_column_inner][\/vc_row_inner][\/vc_column][\/vc_row]<\/p>\n","protected":false},"author":1,"featured_media":0,"parent":0,"menu_order":0,"comment_status":"closed","ping_status":"closed","template":"","meta":{"footnotes":""},"class_list":["post-17568","page","type-page","status-publish","hentry"],"_links":{"self":[{"href":"https:\/\/procinco.ahm-honduras.com\/index.php?rest_route=\/wp\/v2\/pages\/17568","targetHints":{"allow":["GET"]}}],"collection":[{"href":"https:\/\/procinco.ahm-honduras.com\/index.php?rest_route=\/wp\/v2\/pages"}],"about":[{"href":"https:\/\/procinco.ahm-honduras.com\/index.php?rest_route=\/wp\/v2\/types\/page"}],"author":[{"embeddable":true,"href":"https:\/\/procinco.ahm-honduras.com\/index.php?rest_route=\/wp\/v2\/users\/1"}],"replies":[{"embeddable":true,"href":"https:\/\/procinco.ahm-honduras.com\/index.php?rest_route=%2Fwp%2Fv2%2Fcomments&post=17568"}],"version-history":[{"count":130,"href":"https:\/\/procinco.ahm-honduras.com\/index.php?rest_route=\/wp\/v2\/pages\/17568\/revisions"}],"predecessor-version":[{"id":19387,"href":"https:\/\/procinco.ahm-honduras.com\/index.php?rest_route=\/wp\/v2\/pages\/17568\/revisions\/19387"}],"wp:attachment":[{"href":"https:\/\/procinco.ahm-honduras.com\/index.php?rest_route=%2Fwp%2Fv2%2Fmedia&parent=17568"}],"curies":[{"name":"wp","href":"https:\/\/api.w.org\/{rel}","templated":true}]}}