{"id":17645,"date":"2022-05-31T15:05:53","date_gmt":"2022-05-31T21:05:53","guid":{"rendered":"https:\/\/procinco.ahm-honduras.com-new\/?page_id=17645"},"modified":"2026-02-18T13:55:43","modified_gmt":"2026-02-18T19:55:43","slug":"area-de-productividad-y-mejora-continua-2","status":"publish","type":"page","link":"https:\/\/procinco.ahm-honduras.com\/?page_id=17645","title":{"rendered":"\u00c1rea de Productividad y Mejora Continua II"},"content":{"rendered":"<div class=\"wpb-content-wrapper\"><p>[vc_row css=\u00bb.vc_custom_1654527244830{background-image: url(\/wp-content\/uploads\/2019\/12\/bg-main-4.png?id=12339) !important;}\u00bb][vc_column]\r\n\t<div class=\"prelude-spacer clearfix\" data-desktop=\"100\" data-mobi=\"60\" data-smobi=\"60\"><\/div>[vc_row_inner column_inner_spacing=\u00bb70&#8243;][vc_column_inner width=\u00bb1\/2&#8243;]<div class=\"prelude-simple-image  \" data-reveal=\"true\" data-reveal-options='{\"direction\":\"lr\",\"bgcolor\":\"#ffffff\"}' >\r\n\t\t\t\t<figure style=\"border-radius:10px;overflow:hidden;\"><img decoding=\"async\" alt=\"image\" src=\"https:\/\/procinco.ahm-honduras.com\/wp-content\/uploads\/2024\/10\/PMC2.jpg\" \/> <\/figure>\r\n\t\t\t<\/div>[\/vc_column_inner][vc_column_inner width=\u00bb1\/2&#8243;]\r\n\t<div class=\"prelude-spacer clearfix\" data-desktop=\"50\" data-mobi=\"30\" data-smobi=\"30\"><\/div>[vc_column_text]<\/p>\n<h2 style=\"max-width: 400px; font-weight: 600; margin-bottom: 26px;\">Productividad y <span style=\"font-weight: 300;\">Mejora Continua II<\/span><\/h2>\n<p>[\/vc_column_text][vc_column_text]<\/p>\n<p class=\"area_describtion\"><strong><span class=\"RegularTextBlack\">El objetivo del componente es c<\/span><span class=\"RegularText\">ontribuir al mejoramiento de la competitividad de las empresas afiliadas a la AHM, a trav\u00e9s de la capacitaci\u00f3n e implementaci\u00f3n de pr\u00e1cticas y t\u00e9cnicas relacionadas con los procesos de producci\u00f3n, calidad, log\u00edstica, mantenimiento y otros procesos de apoyo.<\/span><\/strong><\/p>\n<p>[\/vc_column_text][\/vc_column_inner][\/vc_row_inner][vc_row_inner][vc_column_inner]\r\n\t<div class=\"prelude-spacer clearfix\" data-desktop=\"30\" data-mobi=\"15\" data-smobi=\"15\"><\/div><h2 class=\"prelude-special-text text-left\">\r\n        <span style=\"font-family:;font-size:26px;\">Modalidades incluidas en este componente<\/span><span style=\"font-family:;font-weight:500;font-size:18px;\"><\/span><span style=\"font-family:;\"><\/span>\r\n    <\/h2>[vc_column_text css=\u00bb.vc_custom_1654551238597{margin-top: -20px !important;margin-bottom: 20px !important;border-top-width: 0px !important;border-bottom-width: 0px !important;padding-top: 0px !important;padding-bottom: 0px !important;}\u00bb]<\/p>\n<p class=\"prelude-special-text text-left\">(Para grupos entre 15 y 25 participantes)<\/p>\n<p>[\/vc_column_text][\/vc_column_inner][\/vc_row_inner][vc_row_inner column_inner_spacing=\u00bb70&#8243;][vc_column_inner width=\u00bb1\/2&#8243;]<div class=\"prelude-icon-box clearfix icon-left align-left  link-hover-accent simple wow fadeInUp\" style=\"\"  data-wow-duration=\"1s\" data-wow-delay=\"1s\"><div class=\"wrap-inner\" style=\"position: relative;\"><div class=\"prelude-icon icon-941599000 icon-font custom custom\"  data-icon=\"#7540ee\" data-background=\"\">\r\n\t\t\t<span class=\"icon\" style=\"font-size:26px;border-style:solid;margin-top:4px;\"><i class=\"fas fa-chalkboard-teacher\"><\/i><\/span>\r\n\t\t<\/div> <div class=\"content-wrap\"><h3 class=\"heading \" style=\"padding-left:50px;font-size:22px;padding-top:5px;margin-bottom:17px;\">\r\n\t\t\t<span>Cursos In Company-Cursos T\u00e9cnicos<\/span>\r\n\t\t<\/h3><div class=\"desc\" style=\"padding-left:50px;\"><p><span>Bajo esta modalidad se le reconoce a las empresas sus esfuerzos internos de entrenamiento. Se cuenta con una amplia gama de cursos.<\/span><\/p>\n<p><strong>Cursos con Mayor Demanda:<\/strong><\/p>\n<ul>\n<li><strong>Formaci\u00f3n de Operadores de M\u00e1quinas de Coser Industrial (42 Hrs)<br \/>\n<\/strong><span>El cual comprende una semana de entrenamiento b\u00e1sico a su personal operativo, posteriormente la empresa contin\u00faa desarrollando su curva de entrenamiento, por desarrollarse con personal reci\u00e9n contratado.<\/span><\/li>\n<li><strong>Entrenamiento Cruzado para Operadores de Costura (44 Hrs):<\/strong><br \/>\nPretende desarrollar en el operador de m\u00e1quina de coser, la habilidad de manejar una operaci\u00f3n critica adicional a su operaci\u00f3n titular. Se desarrolla a trav\u00e9s de un programa de 44 horas, orientado exclusivamente a operaciones de costura.<\/li>\n<li><strong>Estudios de Tiempos y Capacidad en Equipos Productivos (22, 44 Hrs):<\/strong><br \/>\nEntrenamiento que pretende identificar las causas de incumplimiento de la meta de producci\u00f3n, a trav\u00e9s del an\u00e1lisis de diversa variables en torno a la estaci\u00f3n de trabajo, el m\u00e9todo de costura, actitud del operador y la m\u00e1quina de costura. Se desarrolla en duraciones de 22 y 44 horas, orientado exclusivamente a operaciones de costura.<\/li>\n<\/ul>\n<\/div><\/div><\/div><\/div>\r\n\t<div class=\"prelude-spacer clearfix\" data-desktop=\"33\" data-mobi=\"33\" data-smobi=\"33\"><\/div>[\/vc_column_inner][vc_column_inner width=\u00bb1\/2&#8243;][vc_column_text]<\/p>\n<ul><\/ul>\n<p>Por cada hora de entrenamiento impartido conforme a la metodolog\u00eda proporcionada por INFOP\/PROCINCO, la empresa recibir\u00e1 un reembolso de Lps. 200 por hora para grupos de entre 15 y 25 participantes, y Lps. 100 por hora para grupos de menos de 15 participantes. Este dinero puede destinarse a proyectos de mejora o al acondicionamiento de laboratorios de computaci\u00f3n y salas de entrenamiento.<\/p>\n<p>Estos entrenamientos t\u00e9cnicos se realizan a trav\u00e9s de<span>\u00a0<\/span><strong>Instructores Internos<\/strong><span>\u00a0<\/span>contratados por las empresas, los cuales siguen una metodolog\u00eda INFOP-PROCINCO y el manual t\u00e9cnico establecido por la planta productiva.[\/vc_column_text]\r\n\t<div class=\"prelude-spacer clearfix\" data-desktop=\"33\" data-mobi=\"33\" data-smobi=\"33\"><\/div><div class=\"prelude-icon-box clearfix icon-left align-left  link-hover-accent simple wow fadeInUp\" style=\"\"  data-wow-duration=\"0.75s\" data-wow-delay=\"0.3s\"><div class=\"wrap-inner\" style=\"position: relative;\"><div class=\"prelude-icon icon-952712438 icon-font custom custom\"  data-icon=\"#7540ee\" data-background=\"\">\r\n\t\t\t<span class=\"icon\" style=\"font-size:26px;border-style:solid;margin-top:4px;\"><i class=\"fas fa-desktop\"><\/i><\/span>\r\n\t\t<\/div> <div class=\"content-wrap\"><h3 class=\"heading \" style=\"padding-left:50px;font-size:22px;padding-top:5px;margin-bottom:17px;\">\r\n\t\t\t<span>Cursos In Company-Cursos de Computaci\u00f3n<\/span>\r\n\t\t<\/h3><div class=\"desc\" style=\"padding-left:50px;\"><p><span>Se imparten a trav\u00e9s de un Centro Colaborador Certificado, quien le atiende in Company o en su sede en San Pedro Sula.<\/span><\/p>\n<ul>\n<li>Los cursos impartidos son Excel (nivel B\u00e1sico, Intermedio y Avanzado), Autocad, MS Word, Acess, Project, Power Point y presentaciones Prezi, todos con duraci\u00f3n de 24 horas, distribuidos en diferentes sesiones y en el horario que a la empresa le convenga.<\/li>\n<\/ul>\n<\/div><\/div><\/div><\/div>[\/vc_column_inner][\/vc_row_inner]\r\n\t<div class=\"prelude-spacer clearfix\" data-desktop=\"10\" data-mobi=\"10\" data-smobi=\"10\"><\/div>[\/vc_column][\/vc_row][vc_row css=\u00bb.vc_custom_1654552002694{background-image: url(\/wp-content\/uploads\/2022\/06\/home_app2.png?id=17960) !important;background-position: 0 0 !important;background-repeat: no-repeat !important;}\u00bb][vc_column]\r\n\t<div class=\"prelude-spacer clearfix\" data-desktop=\"50\" data-mobi=\"30\" data-smobi=\"30\"><\/div><h2 class=\"prelude-special-text text-left\">\r\n        <span style=\"font-family:;font-size:26px;\">Cursos Disponibles:<\/span><span style=\"font-family:;\"><\/span><span style=\"font-family:;\"><\/span>\r\n    <\/h2>\r\n\t<div class=\"prelude-spacer clearfix\" data-desktop=\"5\" data-mobi=\"5\" data-smobi=\"5\"><\/div>[vc_row_inner][vc_column_inner width=\u00bb1\/2&#8243;]<div style=\"margin:0px 0px 10px 0px;\"><a class=\"prelude-links  link-style-2 dark\" href=\"\/wp-content\/uploads\/2025\/01\/Entrenamiento-Cruzado-para-Operadores-de-Costura.pdf\" >\r\n\t\t\t<span class=\"text\" style=\"\">\u2022 Entrenamiento Cruzado para Operadores de Costura<\/span>\r\n\t\t<\/a><\/div><div style=\"margin:0px 0px 10px 0px;\"><a class=\"prelude-links  link-style-2 dark\" href=\"\/wp-content\/uploads\/2025\/01\/Estudios-de-Tiempos-y-Capacidad-en-Equipos-Productivos.pdf\" >\r\n\t\t\t<span class=\"text\" style=\"\">\u2022 Estudios de Tiempos y Capacidad en Equipos Productivos<\/span>\r\n\t\t<\/a><\/div><div style=\"margin:0px 0px 10px 0px;\"><a class=\"prelude-links  link-style-2 dark\" href=\"\/wp-content\/uploads\/2025\/01\/Formacio\u0301n-de-Operario-de-Ma\u0301quina-de-Coser-Industrial.pdf\" >\r\n\t\t\t<span class=\"text\" style=\"\">\u2022 Formaci\u00f3n de Operario de M\u00e1quina de Coser Industrial<\/span>\r\n\t\t<\/a><\/div><div style=\"margin:0px 0px 10px 0px;\"><a class=\"prelude-links  link-style-2 dark\" href=\"\/wp-content\/uploads\/2023\/04\/MS_Word.pdf\" >\r\n\t\t\t<span class=\"text\" style=\"\">\u2022 Microsoft Word<\/span>\r\n\t\t<\/a><\/div><div style=\"margin:0px 0px 10px 0px;\"><a class=\"prelude-links  link-style-2 dark\" href=\"\/wp-content\/uploads\/2023\/04\/MS_Project_Introductorio.pdf\" >\r\n\t\t\t<span class=\"text\" style=\"\">\u2022 Microsoft Project Introductorio<\/span>\r\n\t\t<\/a><\/div>[\/vc_column_inner][vc_column_inner width=\u00bb1\/2&#8243;]<div style=\"margin:0px 0px 10px 0px;\"><a class=\"prelude-links  link-style-2 dark\" href=\"\/wp-content\/uploads\/2023\/04\/MS_Access_Introductorio.pdf\" >\r\n\t\t\t<span class=\"text\" style=\"\">\u2022 Microsoft Access Introductorio<\/span>\r\n\t\t<\/a><\/div><div style=\"margin:0px 0px 10px 0px;\"><a class=\"prelude-links  link-style-2 dark\" href=\"\/wp-content\/uploads\/2023\/04\/Power_Point.pdf\" >\r\n\t\t\t<span class=\"text\" style=\"\">\u2022 Microsoft Power Point<\/span>\r\n\t\t<\/a><\/div><div style=\"margin:0px 0px 10px 0px;\"><a class=\"prelude-links  link-style-2 dark\" href=\"\/wp-content\/uploads\/2024\/12\/Microsoft-Excel-Avanzado.pdf\" >\r\n\t\t\t<span class=\"text\" style=\"\">\u2022 Microsoft Excel Avanzado<\/span>\r\n\t\t<\/a><\/div><div style=\"margin:0px 0px 10px 0px;\"><a class=\"prelude-links  link-style-2 dark\" href=\"\/wp-content\/uploads\/2023\/04\/Excel_Intermedio.pdf\" >\r\n\t\t\t<span class=\"text\" style=\"\">\u2022 Microsoft Excel Intermedio<\/span>\r\n\t\t<\/a><\/div><div style=\"margin:0px 0px 10px 0px;\"><a class=\"prelude-links  link-style-2 dark\" href=\"\/wp-content\/uploads\/2023\/04\/Excel_Introductorio.pdf\" >\r\n\t\t\t<span class=\"text\" style=\"\">\u2022 Microsoft Excel Introductorio<\/span>\r\n\t\t<\/a><\/div>[\/vc_column_inner][\/vc_row_inner]\r\n\t<div class=\"prelude-spacer clearfix\" data-desktop=\"60\" data-mobi=\"20\" data-smobi=\"20\"><\/div>[vc_row_inner][vc_column_inner width=\u00bb2\/3&#8243;]<div class=\"prelude-content-box clearfix  wow fadeInLeft\" data-padding=\"\" data-mobipadding=\"0px 30px 0px 30px\" data-margin=\"0 0 0 0\" data-mobimargin=\"0 0 0 0\"  data-wow-duration=\"0.75s\" data-wow-delay=\"0.3s\">\r\n\t\t<div class=\"inner ctb-1590972001\" style=\"background:url(https:\/\/procinco.ahm-honduras.com\/wp-content\/uploads\/2019\/12\/action-box-bg.jpg) left top no-repeat;background-size:cover;\"  data-background=\"\" data-rounded=\"7px\">\r\n\t\t\t\r\n\t<div class=\"prelude-spacer clearfix\" data-desktop=\"96\" data-mobi=\"60\" data-smobi=\"60\"><\/div><div class=\"prelude-headings clearfix text-center\" data-font=14 style=\"\"><h3 class=\"heading clearfix \" style=\"font-weight:500;color:#ffffff;letter-spacing:0.25px;margin-bottom:5px;font-size:14px;\">\r\n\t\tDESCRUBRE COMO PROCINCO PUEDE IMPACTAR EN EL DESARROLLO DE TU EMPRESA\r\n\t<\/h3><\/div>[vc_column_text]<\/p>\n<h2 class=\"text-white\" style=\"max-width: 600px; margin: 0 auto; text-align: center; font-weight: 600;\">Cont\u00e1ctanos y programa <span style=\"font-weight: 300;\">tu pr\u00f3xima capacitaci\u00f3n<\/span><\/h2>\n<p>[\/vc_column_text]\r\n\t<div class=\"prelude-spacer clearfix\" data-desktop=\"30\" data-mobi=\"30\" data-smobi=\"30\"><\/div><div class=\"prelude-align-box text-center\"><div class=\"button-wrap icon-right\" style=\"\" ><a href=\"mailto:utp2@procinco.ahm-honduras.com\" target=\"_self\" class=\"prelude-button btn-979928384 medium no_icon accent custom\" style=\"border-radius:3px;\"  data-text=\"#ffffff\" data-text-hover=\"#ffffff\" data-background-hover=\"#39374d\">\r\n\t\t<span style=\"\">utp1@procinco.ahm-honduras.com <\/span>\r\n\t<\/a><\/div><\/div>\r\n\t<div class=\"prelude-spacer clearfix\" data-desktop=\"100\" data-mobi=\"60\" data-smobi=\"60\"><\/div>\r\n\t\t<\/div>\r\n\t<\/div>[\/vc_column_inner][vc_column_inner width=\u00bb1\/3&#8243;]<div class=\"prelude-content-box clearfix  wow fadeInRight\" data-padding=\"20px 20px 20px 20px\" data-mobipadding=\"10px 10px 10px 10px\" data-margin=\"10px 90px 10px 0px\" data-mobimargin=\"\"  data-wow-duration=\"0.75s\" data-wow-delay=\"0.3s\">\r\n\t\t<div class=\"inner ctb-315391756\" style=\"background:url(https:\/\/procinco.ahm-honduras.com\/wp-content\/uploads\/2022\/06\/bg-11.png) center center repeat;background-size:cover;\"  data-background=\"\" data-rounded=\"7px\">\r\n\t\t\t\n<div class=\"prelude-team-grid text-center col-1\" style=\"margin:-20px -15px;\">\n\t<div class=\"team-wrap clearfix\">\n    <div class=\"team-row clearfix\" style=\"padding:20px 0;\">    \t<div class=\"member-item clearfix\" style=\"padding:0 15px;\">\n    \t\t<div class=\"inner\">\n    \t\t\t\n\t                \t\t\t\t<div class=\"thumb\">\n\t    \t\t\t\t<img decoding=\"async\" width=\"500\" height=\"500\" src=\"https:\/\/procinco.ahm-honduras.com\/wp-content\/uploads\/2022\/05\/Brenda-2.jpg\" class=\"attachment-full size-full wp-post-image\" alt=\"\" srcset=\"https:\/\/procinco.ahm-honduras.com\/wp-content\/uploads\/2022\/05\/Brenda-2.jpg 500w, https:\/\/procinco.ahm-honduras.com\/wp-content\/uploads\/2022\/05\/Brenda-2-300x300.jpg 300w, https:\/\/procinco.ahm-honduras.com\/wp-content\/uploads\/2022\/05\/Brenda-2-150x150.jpg 150w, https:\/\/procinco.ahm-honduras.com\/wp-content\/uploads\/2022\/05\/Brenda-2-370x370.jpg 370w, https:\/\/procinco.ahm-honduras.com\/wp-content\/uploads\/2022\/05\/Brenda-2-140x140.jpg 140w\" sizes=\"(max-width: 500px) 100vw, 500px\" \/>    \t\t\t\t<\/div><!-- \/.thumb -->\n         \t\t\n             \t             \t\t<div class=\"text-wrap\">\n\t\t\t\t        \t\t\t\t        \t<h4 class=\"name\" style=\"\">\n\t\t\t\t        \tBrenda Ramos<\/h4>\n\t\t\t\t        \n\t\t\t\t        \t\t\t\t        \t<h5 class=\"position\" style=\"\">\n\t\t\t\t        \tComponente de Productividad y Mejora Continua I y II<\/h5>\n\t\t\t\t        \n\t\t\t\t        \n\t\t\t\t        <ul class=\"socials clearfix\"><li class=\"facebook\"><a target=\"_blank\" href=\"mailto:utp1@ahm-honduras.com\"><i class=\"fa fa-envelope\"><\/i><\/a><\/li><li class=\"google-plus\"><a target=\"_blank\" href=\"tel:504%202516-9100;126\"><i class=\"fa fa-phone\"><\/i><\/a><\/li><\/ul>\t\t\t        <\/div>\n\t\t            \t\t<\/div><!-- \/.inner -->\n        <\/div><!-- \/.member-item -->\n\t\t<\/div>\t\t\t<\/div><!-- \/.team-wrap -->\n<\/div><!-- \/.prelude-team-grid -->\n\n\r\n\t\t<\/div>\r\n\t<\/div>[\/vc_column_inner][\/vc_row_inner]\r\n\t<div class=\"prelude-spacer clearfix\" data-desktop=\"96\" data-mobi=\"60\" data-smobi=\"60\"><\/div>[\/vc_column][\/vc_row]<\/p>\n<\/div>","protected":false},"excerpt":{"rendered":"<p>[vc_row css=\u00bb.vc_custom_1654527244830{background-image: url(\/wp-content\/uploads\/2019\/12\/bg-main-4.png?id=12339) !important;}\u00bb][vc_column][vc_row_inner column_inner_spacing=\u00bb70&#8243;][vc_column_inner width=\u00bb1\/2&#8243;][\/vc_column_inner][vc_column_inner width=\u00bb1\/2&#8243;][vc_column_text] Productividad y Mejora Continua II [\/vc_column_text][vc_column_text] El objetivo del componente es contribuir al mejoramiento de la competitividad de las empresas afiliadas a la AHM, a trav\u00e9s de la capacitaci\u00f3n e implementaci\u00f3n de pr\u00e1cticas y t\u00e9cnicas relacionadas con los procesos de producci\u00f3n, calidad, log\u00edstica,<\/p>\n","protected":false},"author":1,"featured_media":0,"parent":0,"menu_order":0,"comment_status":"closed","ping_status":"closed","template":"","meta":{"footnotes":""},"class_list":["post-17645","page","type-page","status-publish","hentry"],"_links":{"self":[{"href":"https:\/\/procinco.ahm-honduras.com\/index.php?rest_route=\/wp\/v2\/pages\/17645","targetHints":{"allow":["GET"]}}],"collection":[{"href":"https:\/\/procinco.ahm-honduras.com\/index.php?rest_route=\/wp\/v2\/pages"}],"about":[{"href":"https:\/\/procinco.ahm-honduras.com\/index.php?rest_route=\/wp\/v2\/types\/page"}],"author":[{"embeddable":true,"href":"https:\/\/procinco.ahm-honduras.com\/index.php?rest_route=\/wp\/v2\/users\/1"}],"replies":[{"embeddable":true,"href":"https:\/\/procinco.ahm-honduras.com\/index.php?rest_route=%2Fwp%2Fv2%2Fcomments&post=17645"}],"version-history":[{"count":104,"href":"https:\/\/procinco.ahm-honduras.com\/index.php?rest_route=\/wp\/v2\/pages\/17645\/revisions"}],"predecessor-version":[{"id":19378,"href":"https:\/\/procinco.ahm-honduras.com\/index.php?rest_route=\/wp\/v2\/pages\/17645\/revisions\/19378"}],"wp:attachment":[{"href":"https:\/\/procinco.ahm-honduras.com\/index.php?rest_route=%2Fwp%2Fv2%2Fmedia&parent=17645"}],"curies":[{"name":"wp","href":"https:\/\/api.w.org\/{rel}","templated":true}]}}